{"id":47,"date":"2020-02-08T19:35:29","date_gmt":"2020-02-08T19:35:29","guid":{"rendered":"https:\/\/ldaequipamentos.com.br\/es\/?page_id=47"},"modified":"2020-06-29T16:50:41","modified_gmt":"2020-06-29T16:50:41","slug":"pos-vendas","status":"publish","type":"page","link":"https:\/\/ldaequipamentos.com.br\/es\/pos-vendas\/","title":{"rendered":"Piezas y Servicio"},"content":{"rendered":"<p>[vc_row][vc_column]<div id=\"ultimate-heading-79669e602e0b7326\" class=\"uvc-heading ult-adjust-bottom-margin ultimate-heading-79669e602e0b7326 uvc-3072  uvc-heading-default-font-sizes\" data-hspacer=\"line_only\"  data-halign=\"center\" style=\"text-align:center\"><div class=\"uvc-main-heading ult-responsive\"  data-ultimate-target='.uvc-heading.ultimate-heading-79669e602e0b7326 h2'  data-responsive-json-new='{\"font-size\":\"\",\"line-height\":\"\"}' ><h2 style=\"--font-weight:theme;\">Venta de Piezas<\/h2><\/div><div class=\"uvc-heading-spacer line_only\" style=\"topheight:1px;\"><span class=\"uvc-headings-line\" style=\"border-style:solid;border-bottom-width:1px;border-color:#ccc;width:200px;\"><\/span><\/div><\/div>[vc_empty_space height=&#8221;30px&#8221;][vc_column_text]<\/p>\n<p style=\"text-align: center;\">Departamento listo para responder a su solicitud de piezas y art\u00edculos de toda la l\u00ednea LDA y otras marcas.<\/p>\n<p>[\/vc_column_text][vc_single_image image=&#8221;355&#8243; img_size=&#8221;full&#8221; alignment=&#8221;center&#8221;][vc_column_text]<\/p>\n<p style=\"text-align: center;\">Consulta ahora!<\/p>\n<p>[\/vc_column_text][vc_single_image image=&#8221;356&#8243; alignment=&#8221;center&#8221;][\/vc_column][\/vc_row][vc_row][vc_column]<div id=\"ultimate-heading-368569e602e0b737f\" class=\"uvc-heading ult-adjust-bottom-margin ultimate-heading-368569e602e0b737f uvc-8059  uvc-heading-default-font-sizes\" data-hspacer=\"line_only\"  data-halign=\"center\" style=\"text-align:center\"><div class=\"uvc-main-heading ult-responsive\"  data-ultimate-target='.uvc-heading.ultimate-heading-368569e602e0b737f h2'  data-responsive-json-new='{\"font-size\":\"\",\"line-height\":\"\"}' ><h2 style=\"--font-weight:theme;\">Servicios, Adaptaciones y Reformas<\/h2><\/div><div class=\"uvc-heading-spacer line_only\" style=\"topheight:1px;\"><span class=\"uvc-headings-line\" style=\"border-style:solid;border-bottom-width:1px;border-color:#ccc;width:200px;\"><\/span><\/div><\/div>[vc_empty_space height=&#8221;30px&#8221;][vc_column_text]<\/p>\n<p style=\"text-align: center;\">Departamento de servicio especializado para renovaciones y ajustes a diversos equipos.<\/p>\n<p>[\/vc_column_text][vc_single_image image=&#8221;1934&#8243; img_size=&#8221;full&#8221; alignment=&#8221;center&#8221;][\/vc_column][\/vc_row][vc_row][vc_column]<div id=\"ultimate-heading-96969e602e0b73b7\" class=\"uvc-heading ult-adjust-bottom-margin ultimate-heading-96969e602e0b73b7 uvc-4378  uvc-heading-default-font-sizes\" data-hspacer=\"line_only\"  data-halign=\"center\" style=\"text-align:center\"><div class=\"uvc-main-heading ult-responsive\"  data-ultimate-target='.uvc-heading.ultimate-heading-96969e602e0b73b7 h2'  data-responsive-json-new='{\"font-size\":\"\",\"line-height\":\"\"}' ><h2 style=\"--font-weight:theme;\">Assist\u00eancia T\u00e9cnica e Treinamento<\/h2><\/div><div class=\"uvc-heading-spacer line_only\" style=\"topheight:1px;\"><span class=\"uvc-headings-line\" style=\"border-style:solid;border-bottom-width:1px;border-color:#ccc;width:200px;\"><\/span><\/div><\/div>[vc_empty_space height=&#8221;30px&#8221;][vc_column_text]<\/p>\n<p style=\"text-align: center;\">El personal est\u00e1 preparado para ayudarlo donde quiera que est\u00e9. Asistencia t\u00e9cnica especializada en toda la l\u00ednea de productos.<\/p>\n<p>[\/vc_column_text][vc_single_image image=&#8221;1375&#8243; img_size=&#8221;full&#8221; alignment=&#8221;center&#8221;][\/vc_column][\/vc_row][vc_row full_width=&#8221;stretch_row&#8221; bg_type=&#8221;bg_color&#8221; bg_color_value=&#8221;#d8d8d8&#8243;][vc_column width=&#8221;1\/2&#8243; css=&#8221;.vc_custom_1581214904516{margin-top: 0px !important;border-top-width: 0px !important;padding-top: 0px !important;}&#8221;][vc_column_text css=&#8221;.vc_custom_1592334106423{margin-top: 30px !important;}&#8221;]<\/p>\n<h3 style=\"text-align: center;\">\u00a1Hable con nuestro departamento de piezas y servicio ahora!<\/h3>\n<p>[\/vc_column_text]\n                <div class='gf_browser_gecko gform_wrapper' id='gform_wrapper_1' ><form method='post' enctype='multipart\/form-data'  id='gform_1'  action='\/es\/wp-json\/wp\/v2\/pages\/47'>\n                        <div class='gform_body'><ul id='gform_fields_1' class='gform_fields top_label form_sublabel_below description_below'><li id='field_1_1'  class='gfield gfield_contains_required field_sublabel_below field_description_below gfield_visibility_visible' ><label class='gfield_label' for='input_1_1' >Nombre:<span class='gfield_required'>*<\/span><\/label><div class='ginput_container ginput_container_text'><input name='input_1' id='input_1_1' type='text' value='' class='large'     aria-required=\"true\" aria-invalid=\"false\" \/><\/div><\/li><li id='field_1_2'  class='gfield gf_left_half gfield_contains_required field_sublabel_below field_description_below gfield_visibility_visible' ><label class='gfield_label' for='input_1_2' >Tel\u00e9fono \/ Whatsapp:<span class='gfield_required'>*<\/span><\/label><div class='ginput_container ginput_container_text'><input name='input_2' id='input_1_2' type='text' value='' class='large'     aria-required=\"true\" aria-invalid=\"false\" \/><\/div><\/li><li id='field_1_5'  class='gfield gf_right_half gfield_contains_required field_sublabel_below field_description_below gfield_visibility_visible' ><label class='gfield_label' for='input_1_5' >E-mail:<span class='gfield_required'>*<\/span><\/label><div class='ginput_container ginput_container_email'>\n                            <input name='input_5' id='input_1_5' type='text' value='' class='large'    aria-required=\"true\" aria-invalid=\"false\" \/>\n                        <\/div><\/li><li id='field_1_3'  class='gfield gfield_contains_required field_sublabel_below field_description_below gfield_visibility_visible' ><label class='gfield_label' for='input_1_3' >Mensaje:<span class='gfield_required'>*<\/span><\/label><div class='ginput_container ginput_container_textarea'><textarea name='input_3' id='input_1_3' class='textarea medium'     aria-required=\"true\" aria-invalid=\"false\"   rows='10' cols='50'><\/textarea><\/div><\/li>\n                            <\/ul><\/div>\n        <div class='gform_footer top_label'> <input type='submit' id='gform_submit_button_1' class='gform_button button' value='Enviar'  onclick='if(window[\"gf_submitting_1\"]){return false;}  window[\"gf_submitting_1\"]=true;  ' onkeypress='if( event.keyCode == 13 ){ if(window[\"gf_submitting_1\"]){return false;} window[\"gf_submitting_1\"]=true;  jQuery(\"#gform_1\").trigger(\"submit\",[true]); }' \/> \n            <input type='hidden' class='gform_hidden' name='is_submit_1' value='1' \/>\n            <input type='hidden' class='gform_hidden' name='gform_submit' value='1' \/>\n            \n            <input type='hidden' class='gform_hidden' name='gform_unique_id' value='' \/>\n            <input type='hidden' class='gform_hidden' name='state_1' value='WyJbXSIsIjVkYjFlODM5MzRiZWM0MTdmMDJjZmM4NjE2ZmNiNGYzIl0=' \/>\n            <input type='hidden' class='gform_hidden' name='gform_target_page_number_1' id='gform_target_page_number_1' value='0' \/>\n            <input type='hidden' class='gform_hidden' name='gform_source_page_number_1' id='gform_source_page_number_1' value='1' \/>\n            <input type='hidden' name='gform_field_values' value='' \/>\n            \n        <\/div>\n                        <\/form>\n                        <\/div><script type='text\/javascript'> jQuery(document).bind('gform_post_render', function(event, formId, currentPage){if(formId == 1) {} } );jQuery(document).bind('gform_post_conditional_logic', function(event, formId, fields, isInit){} );<\/script><script type='text\/javascript'> jQuery(document).ready(function(){jQuery(document).trigger('gform_post_render', [1, 1]) } ); <\/script>[\/vc_column][vc_column width=&#8221;1\/2&#8243;][vc_single_image image=&#8221;1643&#8243; img_size=&#8221;full&#8221; onclick=&#8221;custom_link&#8221; link=&#8221;https:\/\/web.whatsapp.com\/send?phone=551938389595&amp;text=Ol%C3%A1!%20Entrando%20em%20contato%20atrav%C3%A9s%20do%20site%20LDA%20Equipamentos&#8221;][\/vc_column][\/vc_row]<\/p>\n","protected":false},"excerpt":{"rendered":"<p>[vc_row][vc_column][vc_empty_space height=&#8221;30px&#8221;][vc_column_text] Departamento listo para responder a su solicitud de piezas y art\u00edculos de toda la l\u00ednea LDA y otras marcas. [\/vc_column_text][vc_single_image image=&#8221;355&#8243; img_size=&#8221;full&#8221; alignment=&#8221;center&#8221;][vc_column_text] Consulta ahora! [\/vc_column_text][vc_single_image image=&#8221;356&#8243; alignment=&#8221;center&#8221;][\/vc_column][\/vc_row][vc_row][vc_column][vc_empty_space height=&#8221;30px&#8221;][vc_column_text] Departamento de servicio especializado para renovaciones y ajustes a diversos equipos. [\/vc_column_text][vc_single_image image=&#8221;1934&#8243; img_size=&#8221;full&#8221; alignment=&#8221;center&#8221;][\/vc_column][\/vc_row][vc_row][vc_column][vc_empty_space height=&#8221;30px&#8221;][vc_column_text] El personal est\u00e1 preparado para ayudarlo donde quiera&hellip;<\/p>\n","protected":false},"author":1,"featured_media":0,"parent":0,"menu_order":0,"comment_status":"closed","ping_status":"closed","template":"","meta":{"footnotes":""},"yoast_head":"<!-- This site is optimized with the Yoast SEO plugin v21.5 - https:\/\/yoast.com\/wordpress\/plugins\/seo\/ -->\n<title>Piezas y Servicio - LDA Equipamentos<\/title>\n<meta name=\"robots\" content=\"index, follow, max-snippet:-1, max-image-preview:large, max-video-preview:-1\" \/>\n<link rel=\"canonical\" href=\"https:\/\/ldaequipamentos.com.br\/es\/pos-vendas\/\" \/>\n<meta property=\"og:locale\" content=\"pt_BR\" \/>\n<meta property=\"og:type\" content=\"article\" \/>\n<meta property=\"og:title\" content=\"Piezas y Servicio - LDA Equipamentos\" \/>\n<meta property=\"og:description\" content=\"[vc_row][vc_column][vc_empty_space height=&#8221;30px&#8221;][vc_column_text] Departamento listo para responder a su solicitud de piezas y art\u00edculos de toda la l\u00ednea LDA y otras marcas. [\/vc_column_text][vc_single_image image=&#8221;355&#8243; img_size=&#8221;full&#8221; alignment=&#8221;center&#8221;][vc_column_text] Consulta ahora! [\/vc_column_text][vc_single_image image=&#8221;356&#8243; alignment=&#8221;center&#8221;][\/vc_column][\/vc_row][vc_row][vc_column][vc_empty_space height=&#8221;30px&#8221;][vc_column_text] Departamento de servicio especializado para renovaciones y ajustes a diversos equipos. [\/vc_column_text][vc_single_image image=&#8221;1934&#8243; img_size=&#8221;full&#8221; alignment=&#8221;center&#8221;][\/vc_column][\/vc_row][vc_row][vc_column][vc_empty_space height=&#8221;30px&#8221;][vc_column_text] El personal est\u00e1 preparado para ayudarlo donde quiera&hellip;\" \/>\n<meta property=\"og:url\" content=\"https:\/\/ldaequipamentos.com.br\/es\/pos-vendas\/\" \/>\n<meta property=\"og:site_name\" content=\"LDA Equipamentos\" \/>\n<meta property=\"article:modified_time\" content=\"2020-06-29T16:50:41+00:00\" \/>\n<meta name=\"twitter:card\" content=\"summary_large_image\" \/>\n<meta name=\"twitter:label1\" content=\"Est. tempo de leitura\" \/>\n\t<meta name=\"twitter:data1\" content=\"2 minutos\" \/>\n<script type=\"application\/ld+json\" class=\"yoast-schema-graph\">{\"@context\":\"https:\/\/schema.org\",\"@graph\":[{\"@type\":\"WebPage\",\"@id\":\"https:\/\/ldaequipamentos.com.br\/es\/pos-vendas\/\",\"url\":\"https:\/\/ldaequipamentos.com.br\/es\/pos-vendas\/\",\"name\":\"Piezas y Servicio - LDA Equipamentos\",\"isPartOf\":{\"@id\":\"https:\/\/ldaequipamentos.com.br\/es\/#website\"},\"datePublished\":\"2020-02-08T19:35:29+00:00\",\"dateModified\":\"2020-06-29T16:50:41+00:00\",\"breadcrumb\":{\"@id\":\"https:\/\/ldaequipamentos.com.br\/es\/pos-vendas\/#breadcrumb\"},\"inLanguage\":\"pt-BR\",\"potentialAction\":[{\"@type\":\"ReadAction\",\"target\":[\"https:\/\/ldaequipamentos.com.br\/es\/pos-vendas\/\"]}]},{\"@type\":\"BreadcrumbList\",\"@id\":\"https:\/\/ldaequipamentos.com.br\/es\/pos-vendas\/#breadcrumb\",\"itemListElement\":[{\"@type\":\"ListItem\",\"position\":1,\"name\":\"In\u00edcio\",\"item\":\"https:\/\/ldaequipamentos.com.br\/es\/\"},{\"@type\":\"ListItem\",\"position\":2,\"name\":\"Piezas y Servicio\"}]},{\"@type\":\"WebSite\",\"@id\":\"https:\/\/ldaequipamentos.com.br\/es\/#website\",\"url\":\"https:\/\/ldaequipamentos.com.br\/es\/\",\"name\":\"LDA Equipamentos\",\"description\":\"\",\"potentialAction\":[{\"@type\":\"SearchAction\",\"target\":{\"@type\":\"EntryPoint\",\"urlTemplate\":\"https:\/\/ldaequipamentos.com.br\/es\/?s={search_term_string}\"},\"query-input\":\"required name=search_term_string\"}],\"inLanguage\":\"pt-BR\"}]}<\/script>\n<!-- \/ Yoast SEO plugin. -->","yoast_head_json":{"title":"Piezas y Servicio - LDA Equipamentos","robots":{"index":"index","follow":"follow","max-snippet":"max-snippet:-1","max-image-preview":"max-image-preview:large","max-video-preview":"max-video-preview:-1"},"canonical":"https:\/\/ldaequipamentos.com.br\/es\/pos-vendas\/","og_locale":"pt_BR","og_type":"article","og_title":"Piezas y Servicio - LDA Equipamentos","og_description":"[vc_row][vc_column][vc_empty_space height=&#8221;30px&#8221;][vc_column_text] Departamento listo para responder a su solicitud de piezas y art\u00edculos de toda la l\u00ednea LDA y otras marcas. [\/vc_column_text][vc_single_image image=&#8221;355&#8243; img_size=&#8221;full&#8221; alignment=&#8221;center&#8221;][vc_column_text] Consulta ahora! [\/vc_column_text][vc_single_image image=&#8221;356&#8243; alignment=&#8221;center&#8221;][\/vc_column][\/vc_row][vc_row][vc_column][vc_empty_space height=&#8221;30px&#8221;][vc_column_text] Departamento de servicio especializado para renovaciones y ajustes a diversos equipos. [\/vc_column_text][vc_single_image image=&#8221;1934&#8243; img_size=&#8221;full&#8221; alignment=&#8221;center&#8221;][\/vc_column][\/vc_row][vc_row][vc_column][vc_empty_space height=&#8221;30px&#8221;][vc_column_text] El personal est\u00e1 preparado para ayudarlo donde quiera&hellip;","og_url":"https:\/\/ldaequipamentos.com.br\/es\/pos-vendas\/","og_site_name":"LDA Equipamentos","article_modified_time":"2020-06-29T16:50:41+00:00","twitter_card":"summary_large_image","twitter_misc":{"Est. tempo de leitura":"2 minutos"},"schema":{"@context":"https:\/\/schema.org","@graph":[{"@type":"WebPage","@id":"https:\/\/ldaequipamentos.com.br\/es\/pos-vendas\/","url":"https:\/\/ldaequipamentos.com.br\/es\/pos-vendas\/","name":"Piezas y Servicio - LDA Equipamentos","isPartOf":{"@id":"https:\/\/ldaequipamentos.com.br\/es\/#website"},"datePublished":"2020-02-08T19:35:29+00:00","dateModified":"2020-06-29T16:50:41+00:00","breadcrumb":{"@id":"https:\/\/ldaequipamentos.com.br\/es\/pos-vendas\/#breadcrumb"},"inLanguage":"pt-BR","potentialAction":[{"@type":"ReadAction","target":["https:\/\/ldaequipamentos.com.br\/es\/pos-vendas\/"]}]},{"@type":"BreadcrumbList","@id":"https:\/\/ldaequipamentos.com.br\/es\/pos-vendas\/#breadcrumb","itemListElement":[{"@type":"ListItem","position":1,"name":"In\u00edcio","item":"https:\/\/ldaequipamentos.com.br\/es\/"},{"@type":"ListItem","position":2,"name":"Piezas y Servicio"}]},{"@type":"WebSite","@id":"https:\/\/ldaequipamentos.com.br\/es\/#website","url":"https:\/\/ldaequipamentos.com.br\/es\/","name":"LDA Equipamentos","description":"","potentialAction":[{"@type":"SearchAction","target":{"@type":"EntryPoint","urlTemplate":"https:\/\/ldaequipamentos.com.br\/es\/?s={search_term_string}"},"query-input":"required name=search_term_string"}],"inLanguage":"pt-BR"}]}},"_links":{"self":[{"href":"https:\/\/ldaequipamentos.com.br\/es\/wp-json\/wp\/v2\/pages\/47"}],"collection":[{"href":"https:\/\/ldaequipamentos.com.br\/es\/wp-json\/wp\/v2\/pages"}],"about":[{"href":"https:\/\/ldaequipamentos.com.br\/es\/wp-json\/wp\/v2\/types\/page"}],"author":[{"embeddable":true,"href":"https:\/\/ldaequipamentos.com.br\/es\/wp-json\/wp\/v2\/users\/1"}],"replies":[{"embeddable":true,"href":"https:\/\/ldaequipamentos.com.br\/es\/wp-json\/wp\/v2\/comments?post=47"}],"version-history":[{"count":21,"href":"https:\/\/ldaequipamentos.com.br\/es\/wp-json\/wp\/v2\/pages\/47\/revisions"}],"predecessor-version":[{"id":1935,"href":"https:\/\/ldaequipamentos.com.br\/es\/wp-json\/wp\/v2\/pages\/47\/revisions\/1935"}],"wp:attachment":[{"href":"https:\/\/ldaequipamentos.com.br\/es\/wp-json\/wp\/v2\/media?parent=47"}],"curies":[{"name":"wp","href":"https:\/\/api.w.org\/{rel}","templated":true}]}}