{"id":2,"date":"2020-02-06T13:05:45","date_gmt":"2020-02-06T13:05:45","guid":{"rendered":"https:\/\/ldaequipamentos.com.br\/es\/?page_id=2"},"modified":"2021-04-26T17:30:17","modified_gmt":"2021-04-26T17:30:17","slug":"home","status":"publish","type":"page","link":"https:\/\/ldaequipamentos.com.br\/es\/","title":{"rendered":"HOME"},"content":{"rendered":"<p>[vc_row bg_type=&#8221;image&#8221; parallax_style=&#8221;vcpb-default&#8221; bg_image_new=&#8221;id^264|url^https:\/\/ldaequipamentos.com.br\/es\/wp-content\/uploads\/2020\/02\/traco.png|caption^null|alt^null|title^traco|description^null&#8221; bg_image_repeat=&#8221;no-repeat&#8221; bg_image_posiiton=&#8221;center&#8221; css=&#8221;.vc_custom_1589290645159{margin-top: 0px !important;}&#8221;][vc_column]<div id=\"ult-carousel-123145189369dbd8619e073\" class=\"ult-carousel-wrapper   ult_horizontal\" data-gutter=\"15\" data-rtl=\"false\" ><div class=\"ult-carousel-248753881869dbd8619def4 \" >[vc_single_image image=&#8221;1909&#8243; img_size=&#8221;full&#8221; alignment=&#8221;center&#8221; onclick=&#8221;custom_link&#8221; css=&#8221;.vc_custom_1593438385176{margin-bottom: 5px !important;border-bottom-width: 0px !important;padding-bottom: 0px !important;}&#8221; link=&#8221;https:\/\/ldaequipamentos.com.br\/es\/produtos\/tapa-buraco\/lda-umcp\/&#8221;][vc_single_image image=&#8221;1922&#8243; img_size=&#8221;full&#8221; alignment=&#8221;center&#8221; onclick=&#8221;custom_link&#8221; css=&#8221;.vc_custom_1593439217445{margin-bottom: 5px !important;border-bottom-width: 0px !important;padding-bottom: 0px !important;}&#8221; link=&#8221;https:\/\/ldaequipamentos.com.br\/es\/produtos\/tanque-vacuo-pressao\/combinado\/&#8221;][vc_single_image image=&#8221;1906&#8243; img_size=&#8221;full&#8221; alignment=&#8221;center&#8221; onclick=&#8221;custom_link&#8221; css=&#8221;.vc_custom_1593438401840{margin-bottom: 5px !important;border-bottom-width: 0px !important;padding-bottom: 0px !important;}&#8221; link=&#8221;https:\/\/ldaequipamentos.com.br\/es\/produtos\/usinas-de-asfalto\/lda-uaq\/&#8221;][vc_single_image image=&#8221;1897&#8243; img_size=&#8221;full&#8221; alignment=&#8221;center&#8221; onclick=&#8221;custom_link&#8221; css=&#8221;.vc_custom_1593438426258{margin-bottom: 5px !important;border-bottom-width: 0px !important;padding-bottom: 0px !important;}&#8221; link=&#8221;https:\/\/ldaequipamentos.com.br\/es\/produtos\/espargidor-de-asfalto\/hidrostatico\/&#8221;][vc_single_image image=&#8221;1898&#8243; img_size=&#8221;full&#8221; alignment=&#8221;center&#8221; onclick=&#8221;custom_link&#8221; css=&#8221;.vc_custom_1593438466304{margin-bottom: 5px !important;border-bottom-width: 0px !important;padding-bottom: 0px !important;}&#8221; link=&#8221;https:\/\/ldaequipamentos.com.br\/es\/produtos\/comboio-de-lubrificacao\/lda-lub-mp\/&#8221;][vc_single_image image=&#8221;1902&#8243; img_size=&#8221;full&#8221; alignment=&#8221;center&#8221; onclick=&#8221;custom_link&#8221; css=&#8221;.vc_custom_1593438480846{margin-bottom: 5px !important;border-bottom-width: 0px !important;padding-bottom: 0px !important;}&#8221; link=&#8221;https:\/\/ldaequipamentos.com.br\/es\/produtos\/tanque-pipa\/lda-mult\/&#8221;][vc_single_image image=&#8221;1911&#8243; img_size=&#8221;full&#8221; alignment=&#8221;center&#8221; onclick=&#8221;custom_link&#8221; css=&#8221;.vc_custom_1593438497581{margin-bottom: 5px !important;border-bottom-width: 0px !important;padding-bottom: 0px !important;}&#8221; link=&#8221;https:\/\/ldaequipamentos.com.br\/es\/produtos\/usinas-de-solos\/usm-ccr\/&#8221;][vc_single_image image=&#8221;1910&#8243; img_size=&#8221;full&#8221; alignment=&#8221;center&#8221; onclick=&#8221;custom_link&#8221; css=&#8221;.vc_custom_1593438516550{margin-bottom: 5px !important;border-bottom-width: 0px !important;padding-bottom: 0px !important;}&#8221; link=&#8221;https:\/\/ldaequipamentos.com.br\/es\/produtos\/usina-de-micropavimento\/lda-ump-sr\/&#8221;][vc_single_image image=&#8221;1900&#8243; img_size=&#8221;full&#8221; alignment=&#8221;center&#8221; onclick=&#8221;custom_link&#8221; css=&#8221;.vc_custom_1593438536121{margin-bottom: 5px !important;border-bottom-width: 0px !important;padding-bottom: 0px !important;}&#8221; link=&#8221;https:\/\/ldaequipamentos.com.br\/es\/produtos\/tanque-combustivel\/lda-mult-ta\/&#8221;][vc_single_image image=&#8221;1908&#8243; img_size=&#8221;full&#8221; alignment=&#8221;center&#8221; onclick=&#8221;custom_link&#8221; css=&#8221;.vc_custom_1593438551532{margin-bottom: 5px !important;border-bottom-width: 0px !important;padding-bottom: 0px !important;}&#8221; link=&#8221;https:\/\/ldaequipamentos.com.br\/es\/produtos\/distribuidor-de-cimento\/lda-udc\/&#8221;][vc_single_image image=&#8221;1907&#8243; img_size=&#8221;full&#8221; alignment=&#8221;center&#8221; onclick=&#8221;custom_link&#8221; css=&#8221;.vc_custom_1593438569358{margin-bottom: 5px !important;border-bottom-width: 0px !important;padding-bottom: 0px !important;}&#8221; link=&#8221;https:\/\/ldaequipamentos.com.br\/es\/produtos\/distribuidor-de-agregados\/lda-uda\/&#8221;][vc_single_image image=&#8221;1926&#8243; img_size=&#8221;full&#8221; alignment=&#8221;center&#8221; onclick=&#8221;custom_link&#8221; css=&#8221;.vc_custom_1593440049194{margin-bottom: 5px !important;border-bottom-width: 0px !important;padding-bottom: 0px !important;}&#8221; link=&#8221;https:\/\/ldaequipamentos.com.br\/es\/produtos\/tancagem\/lda-tqa\/&#8221;][vc_single_image image=&#8221;1896&#8243; img_size=&#8221;full&#8221; alignment=&#8221;center&#8221; onclick=&#8221;custom_link&#8221; css=&#8221;.vc_custom_1593438603981{margin-bottom: 5px !important;border-bottom-width: 0px !important;padding-bottom: 0px !important;}&#8221; link=&#8221;https:\/\/ldaequipamentos.com.br\/es\/produtos\/conjunto-borracheiro\/lda-cb\/&#8221;][vc_single_image image=&#8221;1899&#8243; img_size=&#8221;full&#8221; alignment=&#8221;center&#8221; onclick=&#8221;custom_link&#8221; css=&#8221;.vc_custom_1593438620440{margin-bottom: 5px !important;border-bottom-width: 0px !important;padding-bottom: 0px !important;}&#8221; link=&#8221;https:\/\/ldaequipamentos.com.br\/es\/produtos\/tanque-calda-pronta\/tanque-lda-mult-cp\/&#8221;][vc_single_image image=&#8221;1916&#8243; img_size=&#8221;full&#8221; alignment=&#8221;center&#8221; onclick=&#8221;custom_link&#8221; css=&#8221;.vc_custom_1593438803646{margin-bottom: 5px !important;border-bottom-width: 0px !important;padding-bottom: 0px !important;}&#8221; link=&#8221;https:\/\/ldaequipamentos.com.br\/es\/produtos\/usina-de-pre-mistura-a-frio\/lda-pmf\/&#8221;][vc_single_image image=&#8221;1901&#8243; img_size=&#8221;full&#8221; alignment=&#8221;center&#8221; onclick=&#8221;custom_link&#8221; css=&#8221;.vc_custom_1593438651687{margin-bottom: 5px !important;border-bottom-width: 0px !important;padding-bottom: 0px !important;}&#8221; link=&#8221;https:\/\/ldaequipamentos.com.br\/es\/produtos\/bau-oficina\/lda-of\/&#8221;]<\/div><\/div>\t\t\t<script type=\"text\/javascript\">\n\t\t\t\tjQuery(document).ready(function ($) {\n\t\t\t\t\tif( typeof jQuery('.ult-carousel-248753881869dbd8619def4').slick == \"function\"){\n\t\t\t\t\t\t$('.ult-carousel-248753881869dbd8619def4').slick({dots: false,autoplay: true,autoplaySpeed: \"3000\",speed: \"300\",infinite: true,arrows: true,nextArrow: '<button type=\"button\" role=\"button\" aria-label=\"Next\" style=\"color:#333333; font-size:20px;\" class=\"slick-next default\"><i class=\"ultsl-arrow-right4\"><\/i><\/button>',prevArrow: '<button type=\"button\" role=\"button\" aria-label=\"Previous\" style=\"color:#333333; font-size:20px;\" class=\"slick-prev default\"><i class=\"ultsl-arrow-left4\"><\/i><\/button>',slidesToScroll:1,slidesToShow:5,swipe: true,draggable: true,touchMove: true,pauseOnHover: true,pauseOnFocus: false,responsive: [\n\t\t\t\t\t\t\t{\n\t\t\t\t\t\t\t  breakpoint: 1026,\n\t\t\t\t\t\t\t  settings: {\n\t\t\t\t\t\t\t\tslidesToShow: 5,\n\t\t\t\t\t\t\t\tslidesToScroll: 1,  \n\t\t\t\t\t\t\t  }\n\t\t\t\t\t\t\t},\n\t\t\t\t\t\t\t{\n\t\t\t\t\t\t\t  breakpoint: 1025,\n\t\t\t\t\t\t\t  settings: {\n\t\t\t\t\t\t\t\tslidesToShow: 3,\n\t\t\t\t\t\t\t\tslidesToScroll: 1\n\t\t\t\t\t\t\t  }\n\t\t\t\t\t\t\t},\n\t\t\t\t\t\t\t{\n\t\t\t\t\t\t\t  breakpoint: 760,\n\t\t\t\t\t\t\t  settings: {\n\t\t\t\t\t\t\t\tslidesToShow: 2,\n\t\t\t\t\t\t\t\tslidesToScroll: 1\n\t\t\t\t\t\t\t  }\n\t\t\t\t\t\t\t}\n\t\t\t\t\t\t],pauseOnDotsHover: true,customPaging: function(slider, i) {\n                   return '<i type=\"button\" style= \"color:#333333;\" class=\"ultsl-record\" data-role=\"none\"><\/i>';\n                },});\n\t\t\t\t\t}\n\t\t\t\t});\n\t\t\t<\/script>\n\t\t\t[\/vc_column][\/vc_row][vc_row full_width=&#8221;stretch_row&#8221; bg_type=&#8221;bg_color&#8221; bg_color_value=&#8221;#e8e8e8&#8243;][vc_column width=&#8221;1\/2&#8243; css=&#8221;.vc_custom_1581191339474{margin-top: 0px !important;margin-bottom: 0px !important;border-top-width: 0px !important;border-bottom-width: 0px !important;padding-top: 0px !important;padding-bottom: 0px !important;}&#8221;][vc_single_image image=&#8221;57&#8243; img_size=&#8221;full&#8221; alignment=&#8221;center&#8221; css=&#8221;.vc_custom_1581193865775{margin-top: 0px !important;margin-bottom: 0px !important;border-top-width: 0px !important;border-bottom-width: 0px !important;padding-top: 0px !important;padding-bottom: 0px !important;}&#8221;][\/vc_column][vc_column width=&#8221;1\/2&#8243; css=&#8221;.vc_custom_1581215604201{margin-top: 0px !important;border-top-width: 0px !important;padding-top: 0px !important;}&#8221;][vc_column_text css=&#8221;.vc_custom_1592331568106{margin-top: 25px !important;margin-bottom: 15px !important;border-top-width: 0px !important;padding-top: 0px !important;}&#8221;]<\/p>\n<h3><span style=\"color: #0098da;\"><strong>LDA Equipamentos Rodovi\u00e1rios e Agr\u00edcolas<\/strong><\/span><\/h3>\n<h4>\u00a1Calidad y excelencia para las empresas m\u00e1s exigentes!<\/h4>\n<p>[\/vc_column_text][vc_column_text css=&#8221;.vc_custom_1592331593226{margin-bottom: 15px !important;border-bottom-width: 0px !important;padding-bottom: 0px !important;}&#8221;]Fundada en 1973, fabricamos y comercializamos maquinaria y equipos para pavimentaci\u00f3n y soporte, sirviendo a diversos sectores como la construcci\u00f3n civil, saneamiento, miner\u00eda, energ\u00eda y agricultura.<\/p>\n<p>Tenemos un parque industrial ubicado estrat\u00e9gicamente en la Regi\u00f3n Metropolitana de Campinas, a orillas de la carretera Anhanguera, en un \u00e1rea de m\u00e1s de 40,000 m\u00b2, que sirve a toda Am\u00e9rica Latina.[\/vc_column_text][vc_btn title=&#8221;Conhe\u00e7a a Empresa&#8221; style=&#8221;outline-custom&#8221; outline_custom_color=&#8221;#0098da&#8221; outline_custom_hover_background=&#8221;#0098da&#8221; outline_custom_hover_text=&#8221;#ffffff&#8221; size=&#8221;sm&#8221; align=&#8221;left&#8221; i_icon_fontawesome=&#8221;fas fa-chevron-right&#8221; add_icon=&#8221;true&#8221; link=&#8221;url:https%3A%2F%2Fldaequipamentos.com.br%2Fes%2Fquem-somos%2F|||&#8221; css=&#8221;.vc_custom_1586266505590{margin-top: 0px !important;margin-bottom: 0px !important;border-top-width: 0px !important;border-bottom-width: 0px !important;padding-top: 0px !important;padding-bottom: 0px !important;}&#8221;][\/vc_column][\/vc_row][vc_row full_width=&#8221;stretch_row&#8221; bg_type=&#8221;bg_color&#8221; bg_color_value=&#8221;#0098da&#8221;][vc_column width=&#8221;1\/2&#8243; css=&#8221;.vc_custom_1581191339474{margin-top: 0px !important;margin-bottom: 0px !important;border-top-width: 0px !important;border-bottom-width: 0px !important;padding-top: 0px !important;padding-bottom: 0px !important;}&#8221;]<div class=\"ult-spacer spacer-69dbd8619e117\" data-id=\"69dbd8619e117\" data-height=\"70\" data-height-mobile=\"70\" data-height-tab=\"70\" data-height-tab-portrait=\"\" data-height-mobile-landscape=\"\" style=\"clear:both;display:block;\"><\/div>[vc_column_text css=&#8221;.vc_custom_1593449387084{margin-top: 25px !important;margin-bottom: 15px !important;border-top-width: 0px !important;padding-top: 0px !important;border-top-color: #ffffff !important;}&#8221;]<\/p>\n<h3><span style=\"color: #ffffff;\">\u00a1La LDA cerca de ti!<\/span><\/h3>\n<p>[\/vc_column_text][vc_column_text css=&#8221;.vc_custom_1592336693616{margin-bottom: 15px !important;border-bottom-width: 0px !important;padding-bottom: 0px !important;}&#8221;]<span style=\"color: #ffffff;\">LDA est\u00e1 presente en varias regiones que conf\u00edan en nuestros equipos para llevar a cabo trabajos peque\u00f1os, medianos y grandes, repavimentar y mantener carreteras, almacenar y transportar l\u00edquidos, as\u00ed como equipos de apoyo y la producci\u00f3n de asfalto y suelos.<\/span>[\/vc_column_text][\/vc_column][vc_column width=&#8221;1\/2&#8243; css=&#8221;.vc_custom_1581215604201{margin-top: 0px !important;border-top-width: 0px !important;padding-top: 0px !important;}&#8221;][vc_single_image image=&#8221;266&#8243; img_size=&#8221;full&#8221; alignment=&#8221;center&#8221; css=&#8221;.vc_custom_1582251817829{margin-top: 0px !important;margin-bottom: 0px !important;border-top-width: 0px !important;border-bottom-width: 0px !important;padding-top: 0px !important;padding-bottom: 0px !important;}&#8221;][\/vc_column][\/vc_row][vc_row full_width=&#8221;stretch_row&#8221; bg_type=&#8221;bg_color&#8221; bg_color_value=&#8221;#878787&#8243;][vc_column width=&#8221;1\/6&#8243;][\/vc_column][vc_column width=&#8221;4\/6&#8243;][vc_raw_html]JTNDaWZyYW1lJTIwd2lkdGglM0QlMjI4MDAlMjIlMjBoZWlnaHQlM0QlMjI0MDAlMjIlMjBzcmMlM0QlMjJodHRwcyUzQSUyRiUyRnd3dy55b3V0dWJlLmNvbSUyRmVtYmVkJTJGUmYyZTlwLXJoTDAlMjIlMjBmcmFtZWJvcmRlciUzRCUyMjAlMjIlMjBhbGxvdyUzRCUyMmFjY2VsZXJvbWV0ZXIlM0IlMjBhdXRvcGxheSUzQiUyMGVuY3J5cHRlZC1tZWRpYSUzQiUyMGd5cm9zY29wZSUzQiUyMHBpY3R1cmUtaW4tcGljdHVyZSUyMiUyMGFsbG93ZnVsbHNjcmVlbiUzRSUzQyUyRmlmcmFtZSUzRQ==[\/vc_raw_html][\/vc_column][vc_column width=&#8221;1\/6&#8243;][\/vc_column][\/vc_row][vc_row][vc_column width=&#8221;1\/5&#8243;][\/vc_column][vc_column width=&#8221;4\/5&#8243;]<div class=\"ult-spacer spacer-69dbd8619e12d\" data-id=\"69dbd8619e12d\" data-height=\"40\" data-height-mobile=\"40\" data-height-tab=\"40\" data-height-tab-portrait=\"\" data-height-mobile-landscape=\"\" style=\"clear:both;display:block;\"><\/div>[\/vc_column][\/vc_row]<\/p>\n","protected":false},"excerpt":{"rendered":"<p>[vc_row bg_type=&#8221;image&#8221; parallax_style=&#8221;vcpb-default&#8221; bg_image_new=&#8221;id^264|url^https:\/\/ldaequipamentos.com.br\/es\/wp-content\/uploads\/2020\/02\/traco.png|caption^null|alt^null|title^traco|description^null&#8221; bg_image_repeat=&#8221;no-repeat&#8221; bg_image_posiiton=&#8221;center&#8221; css=&#8221;.vc_custom_1589290645159{margin-top: 0px !important;}&#8221;][vc_column][\/vc_column][\/vc_row][vc_row full_width=&#8221;stretch_row&#8221; bg_type=&#8221;bg_color&#8221; bg_color_value=&#8221;#e8e8e8&#8243;][vc_column width=&#8221;1\/2&#8243; css=&#8221;.vc_custom_1581191339474{margin-top: 0px !important;margin-bottom: 0px !important;border-top-width: 0px !important;border-bottom-width: 0px !important;padding-top: 0px !important;padding-bottom: 0px !important;}&#8221;][vc_single_image image=&#8221;57&#8243; img_size=&#8221;full&#8221; alignment=&#8221;center&#8221; css=&#8221;.vc_custom_1581193865775{margin-top: 0px !important;margin-bottom: 0px !important;border-top-width: 0px !important;border-bottom-width: 0px !important;padding-top: 0px !important;padding-bottom: 0px !important;}&#8221;][\/vc_column][vc_column width=&#8221;1\/2&#8243; css=&#8221;.vc_custom_1581215604201{margin-top: 0px !important;border-top-width: 0px !important;padding-top: 0px !important;}&#8221;][vc_column_text css=&#8221;.vc_custom_1592331568106{margin-top: 25px !important;margin-bottom: 15px !important;border-top-width:&hellip;<\/p>\n","protected":false},"author":1,"featured_media":0,"parent":0,"menu_order":0,"comment_status":"closed","ping_status":"closed","template":"","meta":{"footnotes":""},"yoast_head":"<!-- This site is optimized with the Yoast SEO plugin v21.5 - https:\/\/yoast.com\/wordpress\/plugins\/seo\/ -->\n<title>LDA Equipos<\/title>\n<meta name=\"description\" content=\"LDA Equipamentos \u00e9 refer\u00eancia na fabrica\u00e7\u00e3o e comercializa\u00e7\u00e3o de equipamentos para pavimenta\u00e7\u00e3o, saneamento, constru\u00e7\u00e3o civil, minera\u00e7\u00e3o e agr\u00edcola. Tel. (19) 3838-9595\" \/>\n<meta name=\"robots\" content=\"index, follow, max-snippet:-1, max-image-preview:large, max-video-preview:-1\" \/>\n<link rel=\"canonical\" href=\"https:\/\/ldaequipamentos.com.br\/es\/\" \/>\n<meta property=\"og:locale\" content=\"pt_BR\" \/>\n<meta property=\"og:type\" content=\"article\" \/>\n<meta property=\"og:title\" content=\"LDA Equipos\" \/>\n<meta property=\"og:description\" content=\"LDA Equipamentos \u00e9 refer\u00eancia na fabrica\u00e7\u00e3o e comercializa\u00e7\u00e3o de equipamentos para pavimenta\u00e7\u00e3o, saneamento, constru\u00e7\u00e3o civil, minera\u00e7\u00e3o e agr\u00edcola. Tel. (19) 3838-9595\" \/>\n<meta property=\"og:url\" content=\"https:\/\/ldaequipamentos.com.br\/es\/\" \/>\n<meta property=\"og:site_name\" content=\"LDA Equipamentos\" \/>\n<meta property=\"article:modified_time\" content=\"2021-04-26T17:30:17+00:00\" \/>\n<meta name=\"twitter:card\" content=\"summary_large_image\" \/>\n<meta name=\"twitter:label1\" content=\"Est. tempo de leitura\" \/>\n\t<meta name=\"twitter:data1\" content=\"6 minutos\" \/>\n<script type=\"application\/ld+json\" class=\"yoast-schema-graph\">{\"@context\":\"https:\/\/schema.org\",\"@graph\":[{\"@type\":\"WebPage\",\"@id\":\"https:\/\/ldaequipamentos.com.br\/es\/\",\"url\":\"https:\/\/ldaequipamentos.com.br\/es\/\",\"name\":\"LDA Equipos\",\"isPartOf\":{\"@id\":\"https:\/\/ldaequipamentos.com.br\/es\/#website\"},\"datePublished\":\"2020-02-06T13:05:45+00:00\",\"dateModified\":\"2021-04-26T17:30:17+00:00\",\"description\":\"LDA Equipamentos \u00e9 refer\u00eancia na fabrica\u00e7\u00e3o e comercializa\u00e7\u00e3o de equipamentos para pavimenta\u00e7\u00e3o, saneamento, constru\u00e7\u00e3o civil, minera\u00e7\u00e3o e agr\u00edcola. Tel. (19) 3838-9595\",\"breadcrumb\":{\"@id\":\"https:\/\/ldaequipamentos.com.br\/es\/#breadcrumb\"},\"inLanguage\":\"pt-BR\",\"potentialAction\":[{\"@type\":\"ReadAction\",\"target\":[\"https:\/\/ldaequipamentos.com.br\/es\/\"]}]},{\"@type\":\"BreadcrumbList\",\"@id\":\"https:\/\/ldaequipamentos.com.br\/es\/#breadcrumb\",\"itemListElement\":[{\"@type\":\"ListItem\",\"position\":1,\"name\":\"In\u00edcio\",\"item\":\"https:\/\/ldaequipamentos.com.br\/es\/\"},{\"@type\":\"ListItem\",\"position\":2,\"name\":\"HOME\"}]},{\"@type\":\"WebSite\",\"@id\":\"https:\/\/ldaequipamentos.com.br\/es\/#website\",\"url\":\"https:\/\/ldaequipamentos.com.br\/es\/\",\"name\":\"LDA Equipamentos\",\"description\":\"\",\"potentialAction\":[{\"@type\":\"SearchAction\",\"target\":{\"@type\":\"EntryPoint\",\"urlTemplate\":\"https:\/\/ldaequipamentos.com.br\/es\/?s={search_term_string}\"},\"query-input\":\"required name=search_term_string\"}],\"inLanguage\":\"pt-BR\"}]}<\/script>\n<!-- \/ Yoast SEO plugin. -->","yoast_head_json":{"title":"LDA Equipos","description":"LDA Equipamentos \u00e9 refer\u00eancia na fabrica\u00e7\u00e3o e comercializa\u00e7\u00e3o de equipamentos para pavimenta\u00e7\u00e3o, saneamento, constru\u00e7\u00e3o civil, minera\u00e7\u00e3o e agr\u00edcola. Tel. (19) 3838-9595","robots":{"index":"index","follow":"follow","max-snippet":"max-snippet:-1","max-image-preview":"max-image-preview:large","max-video-preview":"max-video-preview:-1"},"canonical":"https:\/\/ldaequipamentos.com.br\/es\/","og_locale":"pt_BR","og_type":"article","og_title":"LDA Equipos","og_description":"LDA Equipamentos \u00e9 refer\u00eancia na fabrica\u00e7\u00e3o e comercializa\u00e7\u00e3o de equipamentos para pavimenta\u00e7\u00e3o, saneamento, constru\u00e7\u00e3o civil, minera\u00e7\u00e3o e agr\u00edcola. Tel. (19) 3838-9595","og_url":"https:\/\/ldaequipamentos.com.br\/es\/","og_site_name":"LDA Equipamentos","article_modified_time":"2021-04-26T17:30:17+00:00","twitter_card":"summary_large_image","twitter_misc":{"Est. tempo de leitura":"6 minutos"},"schema":{"@context":"https:\/\/schema.org","@graph":[{"@type":"WebPage","@id":"https:\/\/ldaequipamentos.com.br\/es\/","url":"https:\/\/ldaequipamentos.com.br\/es\/","name":"LDA Equipos","isPartOf":{"@id":"https:\/\/ldaequipamentos.com.br\/es\/#website"},"datePublished":"2020-02-06T13:05:45+00:00","dateModified":"2021-04-26T17:30:17+00:00","description":"LDA Equipamentos \u00e9 refer\u00eancia na fabrica\u00e7\u00e3o e comercializa\u00e7\u00e3o de equipamentos para pavimenta\u00e7\u00e3o, saneamento, constru\u00e7\u00e3o civil, minera\u00e7\u00e3o e agr\u00edcola. Tel. (19) 3838-9595","breadcrumb":{"@id":"https:\/\/ldaequipamentos.com.br\/es\/#breadcrumb"},"inLanguage":"pt-BR","potentialAction":[{"@type":"ReadAction","target":["https:\/\/ldaequipamentos.com.br\/es\/"]}]},{"@type":"BreadcrumbList","@id":"https:\/\/ldaequipamentos.com.br\/es\/#breadcrumb","itemListElement":[{"@type":"ListItem","position":1,"name":"In\u00edcio","item":"https:\/\/ldaequipamentos.com.br\/es\/"},{"@type":"ListItem","position":2,"name":"HOME"}]},{"@type":"WebSite","@id":"https:\/\/ldaequipamentos.com.br\/es\/#website","url":"https:\/\/ldaequipamentos.com.br\/es\/","name":"LDA Equipamentos","description":"","potentialAction":[{"@type":"SearchAction","target":{"@type":"EntryPoint","urlTemplate":"https:\/\/ldaequipamentos.com.br\/es\/?s={search_term_string}"},"query-input":"required name=search_term_string"}],"inLanguage":"pt-BR"}]}},"_links":{"self":[{"href":"https:\/\/ldaequipamentos.com.br\/es\/wp-json\/wp\/v2\/pages\/2"}],"collection":[{"href":"https:\/\/ldaequipamentos.com.br\/es\/wp-json\/wp\/v2\/pages"}],"about":[{"href":"https:\/\/ldaequipamentos.com.br\/es\/wp-json\/wp\/v2\/types\/page"}],"author":[{"embeddable":true,"href":"https:\/\/ldaequipamentos.com.br\/es\/wp-json\/wp\/v2\/users\/1"}],"replies":[{"embeddable":true,"href":"https:\/\/ldaequipamentos.com.br\/es\/wp-json\/wp\/v2\/comments?post=2"}],"version-history":[{"count":130,"href":"https:\/\/ldaequipamentos.com.br\/es\/wp-json\/wp\/v2\/pages\/2\/revisions"}],"predecessor-version":[{"id":2086,"href":"https:\/\/ldaequipamentos.com.br\/es\/wp-json\/wp\/v2\/pages\/2\/revisions\/2086"}],"wp:attachment":[{"href":"https:\/\/ldaequipamentos.com.br\/es\/wp-json\/wp\/v2\/media?parent=2"}],"curies":[{"name":"wp","href":"https:\/\/api.w.org\/{rel}","templated":true}]}}